{"id":2297,"date":"2024-06-11T12:07:13","date_gmt":"2024-06-11T10:07:13","guid":{"rendered":"https:\/\/labottegadimichele.com\/?page_id=2297"},"modified":"2025-01-14T18:57:46","modified_gmt":"2025-01-14T17:57:46","slug":"la-carte","status":"publish","type":"page","link":"https:\/\/labottegadimichele.com\/en\/la-carte\/","title":{"rendered":"La Carte"},"content":{"rendered":"<section class='page-content' style=''  ><section class='container'><div class='row centered' style=''><div class='col-md-12 ' style='' > <div class='custom-heading style-1 centered'>\r\n\t\t\t\t\t<h3><span>La Bottega di Michele<\/span><\/h3>\r\n\t\t\t\t\t<h3>OUR MENU<\/h3>\r\n\t\t\t\t\t<div class='divider style-1 center'>\r\n\t\t\t\t\t<span class='hr-simple left'><\/span>\r\n\t\t\t\t\t<i class='fa fa-circle hr-icon'><\/i>\r\n\t\t\t\t\t<span class='hr-simple right'><\/span>\r\n\t\t\t\t\t<\/div>\r\n\t\t\t\t\t<\/div><img src='https:\/\/labottegadimichele.com\/wp-content\/uploads\/2020\/06\/TripAdvisor-2019-La-Bottega-di-Michele-e1592469303193-257x300.jpg' class='center' title='TripAdvisor 2019-La-Bottega-di-Michele' alt='TripAdvisor 2019-La-Bottega-di-Michele' width='257' height='300'\/><div class='clearfix'><\/div><a href='https:\/\/labottegadimichele.com\/contactar\/' class='btn black btn-big btn-centered'  ><span>BOOK YOUR TABLE<\/span><\/a><div class='clearfix'><\/div><\/div><\/div><\/section><\/section><section class='page-content' style=''  ><section class='container'><div class='row' style=''><div class='col-md-12 ' style='' ><img src='https:\/\/labottegadimichele.com\/wp-content\/uploads\/2025\/01\/Carta-2025-La-Bottega-di-Michele-Portada-EN-DE.jpg' class='left' title='Carta 2025-La-Bottega-di-Michele-Portada-EN-DE' alt='La Carta 2025-La-Bottega-di-Michele-Portada-EN-DE' width='1920' height='1195'\/><div class='clearfix'><\/div><div style='margin-top: 50px;margin-bottom: 40px;' class=''><div class='cma-wysiwyg-editor'><\/div><\/div><img src='https:\/\/labottegadimichele.com\/wp-content\/uploads\/2025\/01\/Carta-2025-La-Bottega-di-Michele-Cocina-de-autor-EN-DE.jpg' class='left' title='Carta 2025-La-Bottega-di-Michele-Cocina-de-autor-EN DE' alt='La Carta 2025-La-Bottega-di-Michele-Cocina-de-autor-EN DE' width='1920' height='1195'\/><div class='clearfix'><\/div><div style='margin-top: 50px;margin-bottom: 40px;' class=''><div class='cma-wysiwyg-editor'><\/div><\/div><img src='https:\/\/labottegadimichele.com\/wp-content\/uploads\/2025\/01\/La-Carte-2025-La-Bottega-di-Michele-A-la-Cazuela-EN-DE.jpg' class='left' title='La Carte 2025-La-Bottega-di-Michele-A-la-Cazuela-EN DE' alt='La Carte 2025-La-Bottega-di-Michele-A-la-Cazuela-EN DE' width='1920' height='1195'\/><div class='clearfix'><\/div><div style='margin-top: 50px;margin-bottom: 40px;' class=''><div class='cma-wysiwyg-editor'><\/div><\/div><img src='https:\/\/labottegadimichele.com\/wp-content\/uploads\/2025\/01\/Carta-2025-La-Bottega-di-Michele-Entrantes-EN-DE.jpg' class='left' title='Carta 2025-La-Bottega-di-Michele-Entrantes-EN DE' alt='La Carta 2025-La-Bottega-di-Michele-Entrantes-EN DE' width='1920' height='1195'\/><div class='clearfix'><\/div><div style='margin-top: 50px;margin-bottom: 40px;' class=''><div class='cma-wysiwyg-editor'><\/div><\/div><img src='https:\/\/labottegadimichele.com\/wp-content\/uploads\/2025\/01\/Carta-2025-La-Bottega-di-Michele-La-Pasta-EN-DE.jpg' class='left' title='Carta 2025-La-Bottega-di-Michele-La-Pasta-EN DE' alt='Carta 2025-La-Bottega-di-Michele-La-Pasta-EN DE' width='1920' height='1195'\/><div class='clearfix'><\/div><div style='margin-top: 50px;margin-bottom: 40px;' class=''><div class='cma-wysiwyg-editor'><\/div><\/div><img src='https:\/\/labottegadimichele.com\/wp-content\/uploads\/2025\/01\/Carta-2025-La-Bottega-di-Michele-Carnes-Pescados-Postres-EN-DE.jpg' class='left' title='Carta 2025-La-Bottega-di-Michele-Carnes-Pescados-Postres-EN DE' alt='La Carte 2025-La-Bottega-di-Michele-Carnes-Pescados-Postres-EN DE' width='1920' height='1195'\/><div class='clearfix'><\/div><\/div><\/div><\/section><\/section><section class='page-content' style='margin-top: 0px;'  ><section class='container'><div class='row pt-0' style=''><div class='col-md-3 ' style='' ><img src='https:\/\/labottegadimichele.com\/wp-content\/uploads\/2020\/06\/Selecci\u00f3n-de-Vinos-La-Bottega-di-Michele.jpg' class='left' title='Selecci\u00f3n-de-Vinos-La-Bottega-di-Michele' alt='Selecci\u00f3n-de-Vinos-La-Bottega-di-Michele' width='718' height='1080'\/><div class='clearfix'><\/div><\/div><div class='col-md-6 ' style='' > <div class='custom-heading style-1 centered'>\r\n\t\t\t\t\t<h3><span>Winery<\/span><\/h3>\r\n\t\t\t\t\t<h3>WINE LIST<\/h3>\r\n\t\t\t\t\t<div class='divider style-1 center'>\r\n\t\t\t\t\t<span class='hr-simple left'><\/span>\r\n\t\t\t\t\t<i class='fa fa-circle hr-icon'><\/i>\r\n\t\t\t\t\t<span class='hr-simple right'><\/span>\r\n\t\t\t\t\t<\/div>\r\n\t\t\t\t\t<\/div><ul class=\"menu-style-2\"><li class='menu-item'>\r\n                                <div class='menu-item-title'>\r\n                                    <p>Marqu\u00e9s de Murrieta Reserva<\/p>\r\n                                    <span class='dotted-line'><\/span>\r\n                                <\/div>\r\n                                <div class='menu-item-price'>\r\n                                    <p>39\u20ac<\/p>\r\n                                <\/div>\r\n                                 <div class='menu-item-description'>\r\n                                    <p>Tempranillo, Ganacha, Mazuelo, D.O. Rioja<\/p>\n\r\n                                <\/div>\r\n                            <\/li><li class='menu-item'>\r\n                                <div class='menu-item-title'>\r\n                                    <p>Pedra de Binissalem Eco<\/p>\r\n                                    <span class='dotted-line'><\/span>\r\n                                <\/div>\r\n                                <div class='menu-item-price'>\r\n                                    <p>22\u20ac<\/p>\r\n                                <\/div>\r\n                                 <div class='menu-item-description'>\r\n                                    <p>Pedra de Binissalem Eco, Manto Negro y Cabernet<br \/>\nD.O. Binissalem<\/p>\n\r\n                                <\/div>\r\n                            <\/li><li class='menu-item'>\r\n                                <div class='menu-item-title'>\r\n                                    <p>Sassicaia 2015<\/p>\r\n                                    <span class='dotted-line'><\/span>\r\n                                <\/div>\r\n                                <div class='menu-item-price'>\r\n                                    <p>S.P.M.<\/p>\r\n                                <\/div>\r\n                                 <div class='menu-item-description'>\r\n                                    <p>Best Wine in the World 2018, Sauvignon y Cabernet Franc D.O....<\/p>\n\r\n                                <\/div>\r\n                            <\/li><\/ul><\/div><div class='col-md-3 empty' style='' ><div class='clearfix'><\/div><\/div><\/div><div class='row centered mt-0' style='margin-top: 0px;'><div class='col-md-4 empty' style='' ><\/div><div class='col-md-4 empty' style='' ><a href='' class='btn blue btn-medium '  ><span>Button<\/span><\/a><div class='clearfix'><\/div><\/div><div class='col-md-4 empty' style='' ><\/div><\/div><div class='row' style=''><div class='col-md-3 empty' style='' ><\/div><div class='col-md-3 empty' style='' > <div class='custom-heading style-1 centered'>\r\n\t\t\t\t\t<h3><span><\/span><\/h3>\r\n\t\t\t\t\t<h3>Heading text<\/h3>\r\n\t\t\t\t\t<div class='divider style-1 center'>\r\n\t\t\t\t\t<span class='hr-simple left'><\/span>\r\n\t\t\t\t\t<i class='fa fa-circle hr-icon'><\/i>\r\n\t\t\t\t\t<span class='hr-simple right'><\/span>\r\n\t\t\t\t\t<\/div>\r\n\t\t\t\t\t<\/div><div class='clearfix'><\/div><\/div><div class='col-md-3 empty' style='' > <div class='custom-heading style-1 centered'>\r\n\t\t\t\t\t<h3><span><\/span><\/h3>\r\n\t\t\t\t\t<h3>Heading text<\/h3>\r\n\t\t\t\t\t<div class='divider style-1 center'>\r\n\t\t\t\t\t<span class='hr-simple left'><\/span>\r\n\t\t\t\t\t<i class='fa fa-circle hr-icon'><\/i>\r\n\t\t\t\t\t<span class='hr-simple right'><\/span>\r\n\t\t\t\t\t<\/div>\r\n\t\t\t\t\t<\/div><div class='clearfix'><\/div><\/div><div class='col-md-3 empty' style='' ><\/div><\/div><\/section><\/section><section class='page-content' style=''  ><section class='container'><div class='row' style=''><div class='col-md-12  empty' style='' > <div class='custom-heading style-1 centered'>\r\n\t\t\t\t\t<h3><span><\/span><\/h3>\r\n\t\t\t\t\t<h3>Heading text<\/h3>\r\n\t\t\t\t\t<div class='divider style-1 center'>\r\n\t\t\t\t\t<span class='hr-simple left'><\/span>\r\n\t\t\t\t\t<i class='fa fa-circle hr-icon'><\/i>\r\n\t\t\t\t\t<span class='hr-simple right'><\/span>\r\n\t\t\t\t\t<\/div>\r\n\t\t\t\t\t<\/div><div class='cma-wysiwyg-editor'><\/div><\/div><\/div><\/section><\/section>\n","protected":false},"excerpt":{"rendered":"","protected":false},"author":1,"featured_media":0,"parent":0,"menu_order":0,"comment_status":"closed","ping_status":"closed","template":"","meta":{"inline_featured_image":false},"yoast_head":"<!-- This site is optimized with the Yoast SEO plugin v15.4 - https:\/\/yoast.com\/wordpress\/plugins\/seo\/ -->\n<title>Our Menu and Chef&#039;s Recommendations | La Bottega di Michele<\/title>\n<meta name=\"description\" content=\"Discover our Menu at La Bottega di Michele. Authentic signature Italian cuisine in Mallorca. Italian restaurant in Palma.\" \/>\n<meta name=\"robots\" content=\"index, follow, max-snippet:-1, max-image-preview:large, max-video-preview:-1\" \/>\n<link rel=\"canonical\" href=\"https:\/\/labottegadimichele.com\/en\/la-carte\/\" \/>\n<meta property=\"og:locale\" content=\"en_US\" \/>\n<meta property=\"og:type\" content=\"article\" \/>\n<meta property=\"og:title\" content=\"Our Menu and Chef&#039;s Recommendations | La Bottega di Michele\" \/>\n<meta property=\"og:description\" content=\"Discover our Menu at La Bottega di Michele. Authentic signature Italian cuisine in Mallorca. Italian restaurant in Palma.\" \/>\n<meta property=\"og:url\" content=\"https:\/\/labottegadimichele.com\/en\/la-carte\/\" \/>\n<meta property=\"og:site_name\" content=\"La Bottega di Michele, Restaurante italiano en Mallorca\" \/>\n<meta property=\"article:modified_time\" content=\"2025-01-14T17:57:46+00:00\" \/>\n<meta name=\"twitter:card\" content=\"summary_large_image\" \/>\n<meta name=\"twitter:label1\" content=\"Written by\">\n\t<meta name=\"twitter:data1\" content=\"admin\">\n\t<meta name=\"twitter:label2\" content=\"Est. reading time\">\n\t<meta name=\"twitter:data2\" content=\"2 minutes\">\n<script type=\"application\/ld+json\" class=\"yoast-schema-graph\">{\"@context\":\"https:\/\/schema.org\",\"@graph\":[{\"@type\":\"WebSite\",\"@id\":\"https:\/\/labottegadimichele.com\/#website\",\"url\":\"https:\/\/labottegadimichele.com\/\",\"name\":\"La Bottega di Michele, Restaurante italiano en Mallorca\",\"description\":\"La Bottega di Michele, Signature Italian Cuisine in Palma de Mallorca\",\"potentialAction\":[{\"@type\":\"SearchAction\",\"target\":\"https:\/\/labottegadimichele.com\/?s={search_term_string}\",\"query-input\":\"required name=search_term_string\"}],\"inLanguage\":\"en-US\"},{\"@type\":\"WebPage\",\"@id\":\"https:\/\/labottegadimichele.com\/en\/la-carte\/#webpage\",\"url\":\"https:\/\/labottegadimichele.com\/en\/la-carte\/\",\"name\":\"Our Menu and Chef's Recommendations | La Bottega di Michele\",\"isPartOf\":{\"@id\":\"https:\/\/labottegadimichele.com\/#website\"},\"datePublished\":\"2024-06-11T10:07:13+00:00\",\"dateModified\":\"2025-01-14T17:57:46+00:00\",\"description\":\"Discover our Menu at La Bottega di Michele. Authentic signature Italian cuisine in Mallorca. Italian restaurant in Palma.\",\"inLanguage\":\"en-US\",\"potentialAction\":[{\"@type\":\"ReadAction\",\"target\":[\"https:\/\/labottegadimichele.com\/en\/la-carte\/\"]}]}]}<\/script>\n<!-- \/ Yoast SEO plugin. -->","_links":{"self":[{"href":"https:\/\/labottegadimichele.com\/en\/wp-json\/wp\/v2\/pages\/2297"}],"collection":[{"href":"https:\/\/labottegadimichele.com\/en\/wp-json\/wp\/v2\/pages"}],"about":[{"href":"https:\/\/labottegadimichele.com\/en\/wp-json\/wp\/v2\/types\/page"}],"author":[{"embeddable":true,"href":"https:\/\/labottegadimichele.com\/en\/wp-json\/wp\/v2\/users\/1"}],"replies":[{"embeddable":true,"href":"https:\/\/labottegadimichele.com\/en\/wp-json\/wp\/v2\/comments?post=2297"}],"version-history":[{"count":7,"href":"https:\/\/labottegadimichele.com\/en\/wp-json\/wp\/v2\/pages\/2297\/revisions"}],"predecessor-version":[{"id":2353,"href":"https:\/\/labottegadimichele.com\/en\/wp-json\/wp\/v2\/pages\/2297\/revisions\/2353"}],"wp:attachment":[{"href":"https:\/\/labottegadimichele.com\/en\/wp-json\/wp\/v2\/media?parent=2297"}],"curies":[{"name":"wp","href":"https:\/\/api.w.org\/{rel}","templated":true}]}}