{"id":723,"date":"2016-02-19T09:02:46","date_gmt":"2016-02-19T09:02:46","guid":{"rendered":"http:\/\/c013b2c9.ngrok.io\/royalPlate\/?page_id=16"},"modified":"2022-05-02T18:59:42","modified_gmt":"2022-05-02T16:59:42","slug":"menu-2","status":"publish","type":"page","link":"https:\/\/labottegadimichele.com\/en\/menu-2\/","title":{"rendered":"Menu 2"},"content":{"rendered":"<section class='page-content custom-background image-background' style='background-image: url(https:\/\/labottegadimichele.com\/wp-content\/uploads\/2016\/07\/bkg-img14.png);background-size: auto;background-repeat: no-repeat;'  ><section class='container'><div class='row mb-40' style=''><div class='col-md-12 centered mb-0' style='' > <div class='custom-heading style-1 centered'>\r\n\t\t\t\t\t<h3><span>El menu<\/span><\/h3>\r\n\t\t\t\t\t<h3>Nuestras Sugerencias<\/h3>\r\n\t\t\t\t\t<div class='divider style-1 center'>\r\n\t\t\t\t\t<span class='hr-simple left'><\/span>\r\n\t\t\t\t\t<i class='fa fa-circle hr-icon'><\/i>\r\n\t\t\t\t\t<span class='hr-simple right'><\/span>\r\n\t\t\t\t\t<\/div>\r\n\t\t\t\t\t<\/div><div class='cma-wysiwyg-editor'><p>Todos los platos son preparados al momento con productos frescos de m\u00e1xima calidad, porque para nosotros la mayor satisfacci\u00f3n es ver a los clientes contentos. Por eso nuestro trabajo en hecho con pasi\u00f3n, dedicaci\u00f3n y convicci\u00f3n.<\/p><\/div><\/div><\/div><div class='row mb-20 menu-background' style=''><div class='col-md-6 menu-left-shadow' style='' > <div class='custom-heading style-2 '>\r\n                            <h4>Primeros<\/h4>\r\n                            <div class='divider style-1 left'>\r\n                              \r\n                                <i class='fa fa-circle hr-icon left'><\/i>\r\n                                <span class='hr-simple right'><\/span>\r\n                            <\/div>\r\n                        <\/div><ul class=\"menu-style-2\"><\/ul><ul class=\"menu-style-2\"><\/ul><\/div><div class='col-md-6 menu-right-shadow' style='' > <div class='custom-heading style-2 '>\r\n                            <h4>Pescados<\/h4>\r\n                            <div class='divider style-1 left'>\r\n                              \r\n                                <i class='fa fa-circle hr-icon left'><\/i>\r\n                                <span class='hr-simple right'><\/span>\r\n                            <\/div>\r\n                        <\/div><ul class=\"menu-style-2\"><\/ul> <div class='custom-heading style-2 '>\r\n                            <h4>Postres<\/h4>\r\n                            <div class='divider style-1 left'>\r\n                              \r\n                                <i class='fa fa-circle hr-icon left'><\/i>\r\n                                <span class='hr-simple right'><\/span>\r\n                            <\/div>\r\n                        <\/div><ul class=\"menu-style-2\"><li class='menu-item'>\r\n                                <div class='menu-item-title'>\r\n                                    <p>Panna Cotta<\/p>\r\n                                    <span class='dotted-line'><\/span>\r\n                                <\/div>\r\n                                <div class='menu-item-price'>\r\n                                    <p>5,50\u20ac<\/p>\r\n                                <\/div>\r\n                                 <div class='menu-item-description'>\r\n                                    <p>Italian Custard and Vanilla Custard with Berries<\/p>\n\r\n                                <\/div>\r\n                            <\/li><li class='menu-item'>\r\n                                <div class='menu-item-title'>\r\n                                    <p>Chocolate Mousse<\/p>\r\n                                    <span class='dotted-line'><\/span>\r\n                                <\/div>\r\n                                <div class='menu-item-price'>\r\n                                    <p>5,50\u20ac<\/p>\r\n                                <\/div>\r\n                                 <div class='menu-item-description'>\r\n                                    <p>Variety of Black & White Chocolates<\/p>\n\r\n                                <\/div>\r\n                            <\/li><li class='menu-item'>\r\n                                <div class='menu-item-title'>\r\n                                    <p>Affogato<\/p>\r\n                                    <span class='dotted-line'><\/span>\r\n                                <\/div>\r\n                                <div class='menu-item-price'>\r\n                                    <p>6,50\u20ac<\/p>\r\n                                <\/div>\r\n                                 <div class='menu-item-description'>\r\n                                    <p>Vanilla ice cream with Coffee<\/p>\n\r\n                                <\/div>\r\n                            <\/li><\/ul><\/div><\/div><div class='row' style=''><div class='col-md-12 centered empty' style='' ><a href='' class='btn blue btn-medium '  ><span>Button<\/span><\/a><div class='clearfix'><\/div><\/div><\/div><\/section><\/section><section class='page-content custom-col-padding mb-100 custom-background image-background dark' style='background-image: url(https:\/\/labottegadimichele.com\/wp-content\/uploads\/2016\/03\/bkg-img11.jpg);background-size: cover;background-repeat: no-repeat;'  ><section class='container'><div class='row' style=''><div class='col-md-12 centered empty' style='' > <div class='custom-heading style-1 centered'>\r\n\t\t\t\t\t<h3><span><\/span><\/h3>\r\n\t\t\t\t\t<h3>Heading text<\/h3>\r\n\t\t\t\t\t<div class='divider style-1 center'>\r\n\t\t\t\t\t<span class='hr-simple left'><\/span>\r\n\t\t\t\t\t<i class='fa fa-circle hr-icon'><\/i>\r\n\t\t\t\t\t<span class='hr-simple right'><\/span>\r\n\t\t\t\t\t<\/div>\r\n\t\t\t\t\t<\/div><\/div><\/div><\/section><\/section><section class='page-content' style=''  ><section class='container'><div class='row mb-20' style=''><div class='col-md-6 empty' style='' > <div class='custom-heading style-1 centered'>\r\n\t\t\t\t\t<h3><span><\/span><\/h3>\r\n\t\t\t\t\t<h3>Heading text<\/h3>\r\n\t\t\t\t\t<div class='divider style-1 center'>\r\n\t\t\t\t\t<span class='hr-simple left'><\/span>\r\n\t\t\t\t\t<i class='fa fa-circle hr-icon'><\/i>\r\n\t\t\t\t\t<span class='hr-simple right'><\/span>\r\n\t\t\t\t\t<\/div>\r\n\t\t\t\t\t<\/div><\/div><div class='col-md-6 empty' style='' > <div class='custom-heading style-1 centered'>\r\n\t\t\t\t\t<h3><span><\/span><\/h3>\r\n\t\t\t\t\t<h3>Heading text<\/h3>\r\n\t\t\t\t\t<div class='divider style-1 center'>\r\n\t\t\t\t\t<span class='hr-simple left'><\/span>\r\n\t\t\t\t\t<i class='fa fa-circle hr-icon'><\/i>\r\n\t\t\t\t\t<span class='hr-simple right'><\/span>\r\n\t\t\t\t\t<\/div>\r\n\t\t\t\t\t<\/div><\/div><\/div><div class='row' style=''><div class='col-md-12 centered empty' style='' ><a href='' class='btn blue btn-medium '  ><span>Button<\/span><\/a><div class='clearfix'><\/div><\/div><\/div><\/section><\/section>\n","protected":false},"excerpt":{"rendered":"","protected":false},"author":1,"featured_media":0,"parent":0,"menu_order":0,"comment_status":"closed","ping_status":"closed","template":"","meta":{"inline_featured_image":false},"yoast_head":"<!-- This site is optimized with the Yoast SEO plugin v15.4 - https:\/\/yoast.com\/wordpress\/plugins\/seo\/ -->\n<title>Menu 2 - La Bottega di Michele, Restaurante italiano en Mallorca<\/title>\n<meta name=\"robots\" content=\"index, follow, max-snippet:-1, max-image-preview:large, max-video-preview:-1\" \/>\n<link rel=\"canonical\" href=\"https:\/\/labottegadimichele.com\/menu-2\/\" \/>\n<meta property=\"og:locale\" content=\"en_US\" \/>\n<meta property=\"og:type\" content=\"article\" \/>\n<meta property=\"og:title\" content=\"Menu 2 - La Bottega di Michele, Restaurante italiano en Mallorca\" \/>\n<meta property=\"og:url\" content=\"https:\/\/labottegadimichele.com\/menu-2\/\" \/>\n<meta property=\"og:site_name\" content=\"La Bottega di Michele, Restaurante italiano en Mallorca\" \/>\n<meta property=\"article:modified_time\" content=\"2022-05-02T16:59:42+00:00\" \/>\n<meta name=\"twitter:card\" content=\"summary_large_image\" \/>\n<meta name=\"twitter:label1\" content=\"Written by\">\n\t<meta name=\"twitter:data1\" content=\"admin\">\n\t<meta name=\"twitter:label2\" content=\"Est. reading time\">\n\t<meta name=\"twitter:data2\" content=\"2 minutes\">\n<script type=\"application\/ld+json\" class=\"yoast-schema-graph\">{\"@context\":\"https:\/\/schema.org\",\"@graph\":[{\"@type\":\"WebSite\",\"@id\":\"https:\/\/labottegadimichele.com\/#website\",\"url\":\"https:\/\/labottegadimichele.com\/\",\"name\":\"La Bottega di Michele, Restaurante italiano en Mallorca\",\"description\":\"La Bottega di Michele, Signature Italian Cuisine in Palma de Mallorca\",\"potentialAction\":[{\"@type\":\"SearchAction\",\"target\":\"https:\/\/labottegadimichele.com\/?s={search_term_string}\",\"query-input\":\"required name=search_term_string\"}],\"inLanguage\":\"en-US\"},{\"@type\":\"WebPage\",\"@id\":\"https:\/\/labottegadimichele.com\/menu-2\/#webpage\",\"url\":\"https:\/\/labottegadimichele.com\/menu-2\/\",\"name\":\"Menu 2 - La Bottega di Michele, Restaurante italiano en Mallorca\",\"isPartOf\":{\"@id\":\"https:\/\/labottegadimichele.com\/#website\"},\"datePublished\":\"2016-02-19T09:02:46+00:00\",\"dateModified\":\"2022-05-02T16:59:42+00:00\",\"inLanguage\":\"en-US\",\"potentialAction\":[{\"@type\":\"ReadAction\",\"target\":[\"https:\/\/labottegadimichele.com\/menu-2\/\"]}]}]}<\/script>\n<!-- \/ Yoast SEO plugin. -->","_links":{"self":[{"href":"https:\/\/labottegadimichele.com\/en\/wp-json\/wp\/v2\/pages\/723"}],"collection":[{"href":"https:\/\/labottegadimichele.com\/en\/wp-json\/wp\/v2\/pages"}],"about":[{"href":"https:\/\/labottegadimichele.com\/en\/wp-json\/wp\/v2\/types\/page"}],"author":[{"embeddable":true,"href":"https:\/\/labottegadimichele.com\/en\/wp-json\/wp\/v2\/users\/1"}],"replies":[{"embeddable":true,"href":"https:\/\/labottegadimichele.com\/en\/wp-json\/wp\/v2\/comments?post=723"}],"version-history":[{"count":4,"href":"https:\/\/labottegadimichele.com\/en\/wp-json\/wp\/v2\/pages\/723\/revisions"}],"predecessor-version":[{"id":1072,"href":"https:\/\/labottegadimichele.com\/en\/wp-json\/wp\/v2\/pages\/723\/revisions\/1072"}],"wp:attachment":[{"href":"https:\/\/labottegadimichele.com\/en\/wp-json\/wp\/v2\/media?parent=723"}],"curies":[{"name":"wp","href":"https:\/\/api.w.org\/{rel}","templated":true}]}}